{"id":4564,"date":"2026-01-11T10:52:39","date_gmt":"2026-01-11T09:52:39","guid":{"rendered":"https:\/\/t-w-b.org\/?page_id=4564"},"modified":"2026-02-22T16:33:44","modified_gmt":"2026-02-22T15:33:44","slug":"about-de","status":"publish","type":"page","link":"https:\/\/t-w-b.org\/en\/about-de\/","title":{"rendered":"About LuLoG | EN"},"content":{"rendered":"<p><section id=\"bt_section69e3b9d630c10\"  class=\"boldSection topLargeSpaced gutter inherit\" ><div class=\"port\"><div class=\"boldCell\"><div class=\"boldCellInner\"><div class=\"boldRow\" ><div class=\"boldRowInner\"><div class=\"rowItem col-md-9 col-ms-12  btTextLeft animate animate-fadein inherit\"  data-width=\"9\"><div class=\"rowItemContent\" ><header class=\"header btClear large  btHeaderAccent1\" ><div class=\"btSuperTitle\"><span>About Us<\/span><\/div><div class=\"dash\"><h2><span class=\"headline\">LEHRERINNEN UND LEHRER OHNE GRENZEN E.V. | DEUTSCHLAND<\/span><\/h2><\/div><div class=\"btSubTitle\">Teachers without Borders ist der Dachverband von &#8222;Lehrerinnen und Lehrer ohne Grenzen&#8222; aus Deutschland un der Schweiz.<br \/><br>Unser Ziel ist es, Bildungsprojekte in Entwicklungs- und Schwellenl\u00e4ndern auf- und auszubauen und so jedem Kind die Chance auf Bildung erm\u00f6glichen.<\/div><\/header><\/div><\/div><div class=\"rowItem col-md-3 col-sm-6 col-ms-12 btTextLeft\"  data-width=\"3\"><div class=\"rowItemContent\" ><\/div><\/div><\/div><\/div><div class=\"boldRow\" ><div class=\"boldRowInner\"><div class=\"rowItem col-md-12 col-ms-12  btTextLeft\"  data-width=\"12\"><div class=\"rowItemContent\" ><div class=\"btClear btSeparator topSemiSpaced bottomSmallSpaced noBorder\" ><hr><\/div><\/div><\/div><\/div><\/div><div class=\"boldRow\" style=\"z-index: 2; position: relative;\"><div class=\"boldRowInner\"><div class=\"rowItem col-md-12 col-ms-12  btTextCenter btHighlightShadow btTopVertical\"  data-width=\"12\"><div class=\"rowItemContent\" ><div class=\"boldRow\" ><div class=\"boldRowInner\"><div class=\"rowItem rowInnerItem col-lg-4  btTextCenter btTopVertical animate animate-fadein animate-moveup\" style=\"background-color: rgba(241, 241, 241, 1);\" ><div class=\"rowItemContent\"><div class=\"btClear btSeparator topSpaced noBorder\" ><hr><\/div><div class=\"btIconImageRow\" ><span class=\"btIco btIcoDefaultType btIcoLargeSize btAccent1Icon\"><span  data-ico-fa=\"&#xf0d6;\" class=\"btIcoHolder\"><\/span><\/span><\/div><div class=\"btClear btSeparator topSemiSpaced noBorder\" ><hr><\/div><header class=\"header btClear medium  btHeaderAccent1\" ><div class=\"dash\"><h3><span class=\"headline\">DONATE<\/span><\/h3><\/div><\/header><div class=\"btText\" ><\/p>\n<p>Wir haben \u00fcber 120.000 EUR Spenden bisher eingenommen<\/p>\n<p>\n<\/div><div class=\"btClear btSeparator topSpaced noBorder\" ><hr><\/div><\/div><\/div><div class=\"rowItem rowInnerItem col-lg-4  btTextCenter btTopVertical animate animate-fadein animate-moveup\"  ><div class=\"rowItemContent\"><div class=\"btClear btSeparator topSpaced noBorder\" ><hr><\/div><div class=\"btIconImageRow\" ><span class=\"btIco btIcoDefaultType btIcoLargeSize btAccent2Icon\"><span  data-ico-fa=\"&#xf1ae;\" class=\"btIcoHolder\"><\/span><\/span><\/div><div class=\"btClear btSeparator topSemiSpaced noBorder\" ><hr><\/div><header class=\"header btClear medium  btHeaderAccent2\" ><div class=\"dash\"><h3><span class=\"headline\">MEMBERS<\/span><\/h3><\/div><\/header><div class=\"btText\" ><\/p>\n<p>Wir haben inzwischen \u00fcber 120 Mitglieder aus Deutschland und der Schweiz.<\/p>\n<p>\u00a0<\/p>\n<p>\n<\/div><div class=\"btClear btSeparator topSpaced noBorder\" ><hr><\/div><\/div><\/div><div class=\"rowItem rowInnerItem col-lg-4  btTextCenter btTopVertical animate animate-fadein animate-moveup\" style=\"background-color: rgba(241, 241, 241, 1);\" ><div class=\"rowItemContent\"><div class=\"btClear btSeparator topSpaced noBorder\" ><hr><\/div><div class=\"btIconImageRow\" ><span class=\"btIco btIcoDefaultType btIcoLargeSize btAccent3Icon\"><span  data-ico-fa=\"&#xf0a3;\" class=\"btIcoHolder\"><\/span><\/span><\/div><div class=\"btClear btSeparator topSemiSpaced noBorder\" ><hr><\/div><header class=\"header btClear medium  btHeaderAccent3\" ><div class=\"dash\"><h3><span class=\"headline\">ASSOCIATION<\/span><\/h3><\/div><\/header><div class=\"btText\" ><\/p>\n<p>Uns gibt es jetzt schon \u00fcber 4 Jahre.\u00a0<\/p>\n<p>\n<\/div><div class=\"btClear btSeparator topSpaced noBorder\" ><hr><\/div><\/div><\/div><\/div><\/div><\/div><\/div><\/div><\/div><\/div><\/div><\/div><\/section><section id=\"bt_section69e3b9d631adb\"  class=\"boldSection topLargeSpaced bottomSpaced btDarkSkin gutter inherit wBackground cover btBackgroundOverlay btSolidDarkBackground\" style=\"background-image:url('https:\/\/t-w-b.org\/wp-content\/uploads\/sites\/2\/2026\/01\/lulog_de_about_background2-scaled.jpeg');margin-top: -60px;\"><div class=\"port\"><div class=\"boldCell\"><div class=\"boldCellInner\"><div class=\"boldRow\" ><div class=\"boldRowInner\"><div class=\"rowItem col-md-4 col-ms-12 btTextLeft animate animate-fadein animate-moveright inherit\"  data-width=\"4\"><div class=\"rowItemContent\" ><div class=\"bpgPhoto  btRoundedImage\" ><div class = \"btImage\"><img decoding=\"async\" src=\"https:\/\/t-w-b.org\/wp-content\/uploads\/sites\/2\/2026\/01\/image-42-640x640.jpeg\" alt=\"\" title=\"\"><\/div><\/div><\/div><\/div><div class=\"rowItem col-md-8 col-ms-12 btTextLeft animate animate-fadein animate-moveleft btMiddleVertical\"  data-width=\"8\"><div class=\"rowItemContent\" ><div class=\"boldRow\" ><div class=\"boldRowInner\"><div class=\"rowItem rowInnerItem col-lg-9  btTextLeft inherit\"  ><div class=\"rowItemContent\"><div class=\"btClear btSeparator topSemiSpaced noBorder\" ><hr><\/div><header class=\"header btClear large  btHeaderAccent1\" ><div class=\"dash\"><h2><span class=\"headline\">UNSERE AUFGABE<\/span><\/h2><\/div><\/header><div class=\"btText\" ><\/p>\n<p><strong>260 million children<\/strong> Worldwide, an estimated [number] children do not have access to education, despite this being a UN human right for children.<\/p>\n<p>Education represents the only chance for these children to have a life without poverty, hunger, illness, and exploitation.<\/p>\n<p>The club <strong>\u201eLehrerinnen und Lehrer ohne Grenzen\u201c<\/strong> wants to establish and expand educational projects in developing and emerging countries, thus enabling every child the chance for education.<\/p>\n<p>The association offers a <strong>Network of educational institutions and projects<\/strong> in the poorest regions, which facilitates personal contact between teachers, but also between children and young people worldwide.<\/p>\n<p>We provide concrete, on-site assistance \u2013 not only through financial support but also through collaborative work as equals, for example on new teaching projects or learning materials.<\/p>\n<p>Likewise, the (digital) exchange between the schools provides an authentic insight into different realities and impressively demonstrates the potential of diversity as an opportunity for jointly tackling global problems.<\/p>\n<p>Our central concern is to give education a voice worldwide and thus make children and young people heard.<\/p>\n<p>\n<\/div><div class=\"btClear btSeparator topSemiSpaced noBorder\" ><hr><\/div><\/div><\/div><div class=\"rowItem rowInnerItem col-lg-3  btTextLeft btBottomVertical\"  ><div class=\"rowItemContent\"><div class=\"btClear btSeparator topSemiSpaced noBorder\" ><hr><\/div><a href=\"#\" class=\"btBtn btBtn btnFilledStyle btnaccent4Color btnSmall btnNormalWidth btnRightPosition btnNoIcon\" ><span class=\"btnInnerText\">LuLoG DE<\/span><\/a><div class=\"btClear btSeparator topSmallSpaced noBorder\" ><hr><\/div><div class=\"btClear btSeparator topSemiSpaced noBorder\" ><hr><\/div><\/div><\/div><\/div><\/div><\/div><\/div><\/div><\/div><\/div><\/div><\/div><\/section><section id=\"bt_section69e3b9d632558\"  class=\"boldSection topSpaced bottomSpaced gutter inherit\" ><div class=\"port\"><div class=\"boldCell\"><div class=\"boldCellInner\"><div class=\"boldRow\" ><div class=\"boldRowInner\"><div class=\"rowItem col-md-6 col-sm-12 btTextRight animate animate-fadein animate-moveright btTopVertical btDoublePadding\" style=\"background-color: rgba(241, 241, 241, 1); \" data-width=\"6\"><div class=\"rowItemContent\" ><div class=\"btClear btSeparator bottomExtraSmallSpaced noBorder\" ><hr><\/div><div class=\"btClear btSeparator topSemiSpaced noBorder\" ><hr><\/div><div class=\"btCounterHolder  btCounterNormalSize\"><span class=\"btCounter animate\" data-digit-length=\"4\"><span class=\"onedigit p4 d2\" data-digit=\"2\"><span class=\"n0\">0<\/span><span class=\"n1\">1<\/span><span class=\"n2\">2<\/span><span class=\"n3\">3<\/span><span class=\"n4\">4<\/span><span class=\"n5\">5<\/span><span class=\"n6\">6<\/span><span class=\"n7\">7<\/span><span class=\"n8\">8<\/span><span class=\"n9\">9<\/span><span class=\"n0\">0<\/span><\/span><span class=\"onedigit p3 d0\" data-digit=\"0\"><span class=\"n0\">0<\/span><span class=\"n1\">1<\/span><span class=\"n2\">2<\/span><span class=\"n3\">3<\/span><span class=\"n4\">4<\/span><span class=\"n5\">5<\/span><span class=\"n6\">6<\/span><span class=\"n7\">7<\/span><span class=\"n8\">8<\/span><span class=\"n9\">9<\/span><span class=\"n0\">0<\/span><\/span><span class=\"onedigit p2 d2\" data-digit=\"2\"><span class=\"n0\">0<\/span><span class=\"n1\">1<\/span><span class=\"n2\">2<\/span><span class=\"n3\">3<\/span><span class=\"n4\">4<\/span><span class=\"n5\">5<\/span><span class=\"n6\">6<\/span><span class=\"n7\">7<\/span><span class=\"n8\">8<\/span><span class=\"n9\">9<\/span><span class=\"n0\">0<\/span><\/span><span class=\"onedigit p1 d1\" data-digit=\"1\"><span class=\"n0\">0<\/span><span class=\"n1\">1<\/span><span class=\"n2\">2<\/span><span class=\"n3\">3<\/span><span class=\"n4\">4<\/span><span class=\"n5\">5<\/span><span class=\"n6\">6<\/span><span class=\"n7\">7<\/span><span class=\"n8\">8<\/span><span class=\"n9\">9<\/span><span class=\"n0\">0<\/span><\/span><\/span><\/div><div class=\"btClear btSeparator topSmallSpaced noBorder\" ><hr><\/div><header class=\"header btClear medium  btHeaderAccent2\" ><div class=\"dash\"><h3><span class=\"headline\">Establishment in Germany<\/span><\/h3><\/div><div class=\"btSubTitle\">The association \u201eTeachers Without Borders e.V.\u201e will be founded in Germany on December 22, 2021. <\/div><\/header><div class=\"btClear btSeparator topSmallSpaced bottomSemiSpaced border\" ><hr><\/div><div class=\"boldRow\" ><div class=\"boldRowInner\"><div class=\"rowItem rowInnerItem col-lg-6  btTextLeft inherit\"  ><div class=\"rowItemContent\"><div class=\"bpgPhoto\" ><div class = \"btImage\"><img decoding=\"async\" src=\"https:\/\/t-w-b.org\/wp-content\/uploads\/sites\/2\/2026\/01\/image-42-640x480.jpeg\" alt=\"\" title=\"\"><\/div><\/div><div class=\"btClear btSeparator topSmallSpaced noBorder\" ><hr><\/div><header class=\"header btClear extrasmall btDash topDash bottomDash\" ><div class=\"btSuperTitle\"><span>Unsere Gr\u00fcndungsmitglieder<\/span><\/div><\/header><div class=\"btClear btSeparator topSmallSpaced noBorder\" ><hr><\/div><\/div><\/div><div class=\"rowItem rowInnerItem col-lg-6  btTextLeft\"  ><div class=\"rowItemContent\"><div class=\"btClear btSeparator topSmallSpaced noBorder\" ><hr><\/div><div class=\"btClear btSeparator topSmallSpaced noBorder\" ><hr><\/div><\/div><\/div><\/div><\/div><div class=\"btClear btSeparator topSmallSpaced noBorder\" ><hr><\/div><\/div><\/div><div class=\"rowItem col-md-6 col-sm-12 btTextLeft animate animate-fadein animate-moveleft btHighlightShadow btHighlightBorder btTopVertical btDoublePadding\" style=\"border-color:#5ba8fd;\" data-width=\"6\"><div class=\"rowItemContent\" ><div class=\"btClear btSeparator topSemiSpaced noBorder\" ><hr><\/div><div class=\"btCounterHolder  btCounterNormalSize\"><span class=\"btCounter animate\" data-digit-length=\"4\"><span class=\"onedigit p4 d2\" data-digit=\"2\"><span class=\"n0\">0<\/span><span class=\"n1\">1<\/span><span class=\"n2\">2<\/span><span class=\"n3\">3<\/span><span class=\"n4\">4<\/span><span class=\"n5\">5<\/span><span class=\"n6\">6<\/span><span class=\"n7\">7<\/span><span class=\"n8\">8<\/span><span class=\"n9\">9<\/span><span class=\"n0\">0<\/span><\/span><span class=\"onedigit p3 d0\" data-digit=\"0\"><span class=\"n0\">0<\/span><span class=\"n1\">1<\/span><span class=\"n2\">2<\/span><span class=\"n3\">3<\/span><span class=\"n4\">4<\/span><span class=\"n5\">5<\/span><span class=\"n6\">6<\/span><span class=\"n7\">7<\/span><span class=\"n8\">8<\/span><span class=\"n9\">9<\/span><span class=\"n0\">0<\/span><\/span><span class=\"onedigit p2 d2\" data-digit=\"2\"><span class=\"n0\">0<\/span><span class=\"n1\">1<\/span><span class=\"n2\">2<\/span><span class=\"n3\">3<\/span><span class=\"n4\">4<\/span><span class=\"n5\">5<\/span><span class=\"n6\">6<\/span><span class=\"n7\">7<\/span><span class=\"n8\">8<\/span><span class=\"n9\">9<\/span><span class=\"n0\">0<\/span><\/span><span class=\"onedigit p1 d6\" data-digit=\"6\"><span class=\"n0\">0<\/span><span class=\"n1\">1<\/span><span class=\"n2\">2<\/span><span class=\"n3\">3<\/span><span class=\"n4\">4<\/span><span class=\"n5\">5<\/span><span class=\"n6\">6<\/span><span class=\"n7\">7<\/span><span class=\"n8\">8<\/span><span class=\"n9\">9<\/span><span class=\"n0\">0<\/span><\/span><\/span><\/div><div class=\"btClear btSeparator topSmallSpaced noBorder\" ><hr><\/div><header class=\"header btClear medium  btHeaderAccent1\" ><div class=\"dash\"><h3><span class=\"headline\">LuLoG IN DER SCHWEIZ<\/span><\/h3><\/div><div class=\"btSubTitle\">&#8222;Lehrerinnen und Lehrer ohne Grenzen&#8222; in der Schweiz wird gegr\u00fcndet. Zus\u00e4tzlich wird der Dachverband &#8222;Teachers without Borders&#8222; ins Leben gerufen. <\/div><\/header><div class=\"btClear btSeparator topSmallSpaced bottomSemiSpaced border\" ><hr><\/div><div class=\"boldRow\" ><div class=\"boldRowInner\"><div class=\"rowItem rowInnerItem col-lg-6  btTextLeft inherit\"  ><div class=\"rowItemContent\"><div class=\"bpgPhoto\" ><div class = \"btImage\"><img decoding=\"async\" src=\"https:\/\/t-w-b.org\/wp-content\/uploads\/sites\/2\/2026\/01\/image-43-640x480.jpeg\" alt=\"\" title=\"\"><\/div><\/div><div class=\"btClear btSeparator topSmallSpaced noBorder\" ><hr><\/div><header class=\"header btClear extrasmall btDash topDash bottomDash\" ><div class=\"btSuperTitle\"><span>LuLoG goes Schweiz<\/span><\/div><\/header><div class=\"btClear btSeparator topSmallSpaced noBorder\" ><hr><\/div><\/div><\/div><div class=\"rowItem rowInnerItem col-lg-6  btTextLeft\"  ><div class=\"rowItemContent\"><div class=\"btClear btSeparator topSmallSpaced noBorder\" ><hr><\/div><div class=\"btClear btSeparator topSmallSpaced noBorder\" ><hr><\/div><\/div><\/div><\/div><\/div><div class=\"btClear btSeparator topSmallSpaced noBorder\" ><hr><\/div><\/div><\/div><\/div><\/div><\/div><\/div><\/div><\/section><section id=\"bt_section69e3b9d633507\"  class=\"boldSection gutter\" ><div class=\"port\"><div class=\"boldCell\"><div class=\"boldCellInner\"><div class=\"boldRow\" ><div class=\"boldRowInner\"><div class=\"rowItem col-md-12 col-ms-12  btTextLeft\"  data-width=\"12\"><div class=\"rowItemContent\" ><header class=\"header btClear large  btHeaderAccent1\" ><div class=\"btSuperTitle\"><span>About Us<\/span><\/div><div class=\"dash\"><h2><span class=\"headline\">The Board of Directors<\/span><\/h2><\/div><div class=\"btSubTitle\">Das ist der Vorstand des Vereins &#8222;Lehrerinnen und Lehrer ohne Grenzen e.V.&#8222; aus Deutschland.<\/div><\/header><div class=\"btTabs tabsVertical\"><ul class=\"tabsHeader\"><li><span>Dr. Wiebke Endres<\/span><\/li><li><span>Ursula Adam<\/span><\/li><li><span>Ricarda Mehrtens<\/span><\/li><li><span>Annemarie Castillo Mispireta<\/span><\/li><\/ul><div class=\"tabPanes accordionPanes\"><div class=\"tabPane\">\n\t\t\t<div class=\"tabAccordionTitle\"><span>Dr. Wiebke Endres<\/span><\/div>\n\t\t\t<div class=\"tabAccordionContent\"><div class=\"boldRow\" ><div class=\"boldRowInner\"><div class=\"rowItem rowInnerItem col-lg-8  btTextLeft\"  ><div class=\"rowItemContent\"><div class=\"btText\" ><\/p>\n<p><strong>Dr. Wiebke Endres<\/strong> ist die 1. Vorsitzende des Vereins \u201eLehrerinnen und Lehrer ohne Grenzen e.V.\u201c. Sie arbeitet als Studiendirektorin am Neuen Gymnasium Wilhelmshaven und beschreitet dabei stets neue Wege schulischer Bildung. Auch die Ausbildung zuk\u00fcnftiger Lehrerinnen und Lehrer liegt ihr am Herzen und so lehrt sie zudem an der Universit\u00e4t Oldenburg. Zahlreiche Forschungsaufenthalte weltweit, ihr vielf\u00e4ltiges ehrenamtliches Engagement und ihre Hilfe in den \u00e4rmsten Regionen der Welt bilden den Grundstein f\u00fcr ihre Idee, den Verein zu gr\u00fcnden.<\/p>\n<p>\u00a0<\/p>\n<blockquote>\n<p style=\"padding-left: 40px;\"><em>\u201eIch w\u00fcnsche mir, dass wir mit dem Verein den Kindern und Jugendlichen weltweit die Chance auf eine bessere Zukunft geben, indem wir Bildung in den \u00e4rmsten Regionen der Welt erm\u00f6glichen. Dabei ist f\u00fcr mich der Netzwerk-Gedanke ganz entscheidend. Indem wir gemeinsam als Lehrerinnen und Lehrer weltweit zusammenarbeiten, werden wir miteinander und voneinander lernen: f\u00fcr uns, f\u00fcr die Kinder und um Bildung weltweit eine Stimme zu geben.\u201c<\/em><\/p>\n<\/blockquote>\n<p>\n<\/div><\/div><\/div><div class=\"rowItem rowInnerItem col-lg-4  btTextLeft\"  ><div class=\"rowItemContent\"><div class=\"bpgPhoto\" ><div class = \"btImage\"><img decoding=\"async\" src=\"https:\/\/t-w-b.org\/wp-content\/uploads\/sites\/2\/2026\/01\/WhatsApp-Image-2026-01-22-at-20.04.53.jpeg\" alt=\"\" title=\"\"><\/div><\/div><\/div><\/div><\/div><\/div><\/div>\n\t\t<\/div><div class=\"tabPane\">\n\t\t\t<div class=\"tabAccordionTitle\"><span>Ursula Adam<\/span><\/div>\n\t\t\t<div class=\"tabAccordionContent\"><div class=\"boldRow\" ><div class=\"boldRowInner\"><div class=\"rowItem rowInnerItem col-lg-4  btTextLeft\"  ><div class=\"rowItemContent\"><div class=\"bpgPhoto\" ><div class = \"btImage\"><img decoding=\"async\" src=\"https:\/\/t-w-b.org\/wp-content\/uploads\/sites\/2\/2026\/01\/lulog-de_ursel.jpg\" alt=\"\" title=\"\"><\/div><\/div><\/div><\/div><div class=\"rowItem rowInnerItem col-lg-8  btTextLeft\"  ><div class=\"rowItemContent\"><div class=\"btText\" ><\/p>\n<p><strong>Ursula Adam<\/strong> ist die 2. Vorsitzende im Verein.<\/p>\n<p>Sie ist Schulleiterin i.R. Bis 2019 hat sie eine Grundschule in Wilhelmshaven geleitet. Bildung ist ihr auch im Ruhestand ein ganz wichtiges Anliegen. Sie gibt ehrenamtlich Deutschunterricht f\u00fcr Kinder mit Mitgrationshintergrund, bildet Grundschulkinder zu Streitschlichter*innen aus und unterst\u00fctzt diverse Bildungsprojekte. Damit auch Kinder und Jugendliche in den \u00e4rmsten Regionen<br \/>der Welt eine Chance auf Bildung bekommen, hat sie sich dazu entschlossen, im Verein Lehrerinnen und Lehrer ohne Grenzen aktiv mitzuarbeiten. Eine Weisheit aus Afrika passt perfekt zu ihrer Einstellung zum Leben:<\/p>\n<blockquote>\n<p style=\"padding-left: 40px;\"><em>&#8222;Viele kleine Leute in vielen kleinen Orten, die viele kleine Dinge tun, k\u00f6nnen das Gesicht der Welt ver\u00e4ndern.&#8220;<\/em><\/p>\n<\/blockquote>\n<p>\n<\/div><\/div><\/div><\/div><\/div><\/div>\n\t\t<\/div><div class=\"tabPane\">\n\t\t\t<div class=\"tabAccordionTitle\"><span>Ricarda Mehrtens<\/span><\/div>\n\t\t\t<div class=\"tabAccordionContent\"><div class=\"boldRow\" ><div class=\"boldRowInner\"><div class=\"rowItem rowInnerItem col-lg-8  btTextLeft\"  ><div class=\"rowItemContent\"><div class=\"btText\" ><\/p>\n<p><strong>Ricarda Mehrtens<\/strong> ist die Schriftf\u00fchrerin im Verein.<\/p>\n<p>Durch ihren \u201eweltw\u00e4rts\u201c-Freiwilligendienst an einer Grundschule in Ghana kam sie das erste Mal mit Bildung im globalen Kontext in Ber\u00fchrung. In ihrer Zeit in Ghana fiel ihr auf, dass besonders in der Ausstattung der Schulen starke Unterschiede zwischen verschiedenen L\u00e4ndern, Regionen und den einzelnen Einrichtungen vorliegen und das, obwohl jedes Kind das gleiche Recht auf Bildung hat. Deswegen ist es ihr ein Anliegen daf\u00fcr einzustehen, jedem Kind den Zugang zu einer sicheren und qualitativ hochwertigen Bildung zu erm\u00f6glichen. Dabei ist ihr der Austausch auf Augenh\u00f6he mit den Netzwerkpartnern, das gegenseitige Lernen voneinander und die Perspektiv\u00fcbernahme besonders wichtig. Als Psychologiestudentin nutzt sie ihre Semesterferien und ruhigere Phase im Studium, um aktiv vor Ort in Ghana mitzuwirken und gemeinsam mit Schulleitungen und Lehrkr\u00e4ften der lokalen Schulen L\u00f6sungen f\u00fcr anfallende Probleme zu finden.<\/p>\n<p>\n<\/div><\/div><\/div><div class=\"rowItem rowInnerItem col-lg-4  btTextLeft\"  ><div class=\"rowItemContent\"><\/div><\/div><\/div><\/div><\/div>\n\t\t<\/div><div class=\"tabPane\">\n\t\t\t<div class=\"tabAccordionTitle\"><span>Annemarie Castillo Mispireta<\/span><\/div>\n\t\t\t<div class=\"tabAccordionContent\"><div class=\"boldRow\" ><div class=\"boldRowInner\"><div class=\"rowItem rowInnerItem col-lg-4  btTextLeft\"  ><div class=\"rowItemContent\"><div class=\"bpgPhoto\" ><div class = \"btImage\"><img decoding=\"async\" src=\"https:\/\/t-w-b.org\/wp-content\/uploads\/sites\/2\/2026\/02\/lulog-de_annemarie.jpg\" alt=\"\" title=\"\"><\/div><\/div><\/div><\/div><div class=\"rowItem rowInnerItem col-lg-8  btTextLeft\"  ><div class=\"rowItemContent\"><div class=\"btText\" ><\/p>\n<p><strong>Annemarie Castillo Mispireta<\/strong> ist die Schatzmeisterin im Verein.<\/p>\n<p>Sie arbeitet an der Universit\u00e4t Vechta als Projektmanagerin in einem Bildungsprojekt zum au\u00dferschulischen regionalen Lernen. Vorher hat sie mehrere Jahre in Peru gelebt und sich dort unter anderem in sozialen und \u00f6kologischen Projekten engagiert.<\/p>\n<p>Die gro\u00dfen soziokulturellen und wirtschaftlichen Unterschiede der Bev\u00f6lkerung s\u00fcdamerikanischer L\u00e4nder, die teilweise geringen Bildungsm\u00f6glichkeiten f\u00fcr viele Kinder und Jugendliche und die prek\u00e4ren Ausstattungen vieler Schulen haben ihr Herzensanliegen verst\u00e4rkt, sich f\u00fcr die St\u00e4rkung der Bildungschancen f\u00fcr Kinder weltweit einzusetzen.<\/p>\n<p>\n<\/div><\/div><\/div><\/div><\/div><\/div>\n\t\t<\/div><\/div><\/div><\/div><\/div><\/div><\/div><\/div><\/div><\/div><\/section><section id=\"bt_section69e3b9d63512d\"  class=\"boldSection gutter\" ><div class=\"port\"><div class=\"boldCell\"><div class=\"boldCellInner\"><div class=\"boldRow\" ><div class=\"boldRowInner\"><div class=\"rowItem col-md-12 col-ms-12  btTextLeft\"  data-width=\"12\"><div class=\"rowItemContent\" ><div class=\"btClear btSeparator topSemiSpaced bottomSemiSpaced noBorder\" ><hr><\/div><\/div><\/div><\/div><\/div><\/div><\/div><\/div><\/section><\/p>","protected":false},"excerpt":{"rendered":"<p>WIR BEWEGEN BILDUNG WELTWEIT<\/p>","protected":false},"author":1,"featured_media":4013,"parent":0,"menu_order":0,"comment_status":"closed","ping_status":"closed","template":"","meta":{"footnotes":""},"class_list":["post-4564","page","type-page","status-publish","has-post-thumbnail","hentry"],"_links":{"self":[{"href":"https:\/\/t-w-b.org\/en\/wp-json\/wp\/v2\/pages\/4564","targetHints":{"allow":["GET"]}}],"collection":[{"href":"https:\/\/t-w-b.org\/en\/wp-json\/wp\/v2\/pages"}],"about":[{"href":"https:\/\/t-w-b.org\/en\/wp-json\/wp\/v2\/types\/page"}],"author":[{"embeddable":true,"href":"https:\/\/t-w-b.org\/en\/wp-json\/wp\/v2\/users\/1"}],"replies":[{"embeddable":true,"href":"https:\/\/t-w-b.org\/en\/wp-json\/wp\/v2\/comments?post=4564"}],"version-history":[{"count":16,"href":"https:\/\/t-w-b.org\/en\/wp-json\/wp\/v2\/pages\/4564\/revisions"}],"predecessor-version":[{"id":4823,"href":"https:\/\/t-w-b.org\/en\/wp-json\/wp\/v2\/pages\/4564\/revisions\/4823"}],"wp:featuredmedia":[{"embeddable":true,"href":"https:\/\/t-w-b.org\/en\/wp-json\/wp\/v2\/media\/4013"}],"wp:attachment":[{"href":"https:\/\/t-w-b.org\/en\/wp-json\/wp\/v2\/media?parent=4564"}],"curies":[{"name":"wp","href":"https:\/\/api.w.org\/{rel}","templated":true}]}}