{"id":3953,"date":"2026-01-02T09:40:15","date_gmt":"2026-01-02T08:40:15","guid":{"rendered":"https:\/\/t-w-b.org\/?page_id=3953"},"modified":"2026-01-02T09:40:15","modified_gmt":"2026-01-02T08:40:15","slug":"impressum","status":"publish","type":"page","link":"https:\/\/t-w-b.org\/en\/impressum\/","title":{"rendered":"Imprint"},"content":{"rendered":"<section id=\"bt_section69e3bb5f5431a\"  class=\"boldSection topLargeSpaced bottomLargeSpaced gutter inherit\" ><div class=\"port\"><div class=\"boldCell\"><div class=\"boldCellInner\"><div class=\"boldRow\" ><div class=\"boldRowInner\"><div class=\"rowItem col-md-12 col-ms-12  btTextLeft animate animate-fadein inherit\"  data-width=\"12\"><div class=\"rowItemContent\" ><header class=\"header btClear large  btHeaderAccent1\" ><div class=\"btSuperTitle\"><span>Teachers Without Borders.<\/span><\/div><div class=\"dash\"><h2><span class=\"headline\">IMPRINT<\/span><\/h2><\/div><\/header><div class=\"btClear btSeparator bottomSmallSpaced border\" ><hr><\/div><div class=\"btText\" ><\/p>\n<h4>VERANTWORTLICH F\u00dcR DEN INHALT GEM\u00c4SS \u00a7 18 ABS. 2 MSTV<\/h4>\n<p><strong>Teachers Without Borders.<\/strong><\/p>\n<p>Brommy Street 79b<br \/>D-26384 Wilhelmshaven<\/p>\n<p>E-Mail: <a href=\"mailto:info@lehrerohnegrenzen.com\">info@lehrerohnegrenzen.com<\/a><br \/>Web: <a href=\"https:\/\/www.lehrerohnegrenzen.com\/\">www.lehrerohnegrenzen.com<\/a><\/p>\n<h3>\u00a0<\/h3>\n<h4>ENTWICKLUNG:<\/h4>\n<p>ma3.tech | Marcel Kuchler<\/p>\n<h4>\u00a0<\/h4>\n<h4>HAFTUNGSHINWEIS<\/h4>\n<p>Die Inhalte unserer Seiten wurden mit gr\u00f6\u00dfter Sorgfalt erstellt. F\u00fcr die Richtigkeit, Vollst\u00e4ndigkeit und Aktualit\u00e4t der Inhalte k\u00f6nnen wir jedoch keine Gew\u00e4hr \u00fcbernehmen. Mit dem Urteil vom 12. Mai 1998 \u2014 312 O 85\/98 \u2014 \u201eHaftung f\u00fcr Links\u201c hat das Landgericht (LG) in Hamburg entschieden, dass man durch die Anbringung eines Links, die Inhalte der gelinkten Seite ggf. mit zu verantworten hat. Dies kann \u2013 so das LG \u2013 nur dadurch verhindert werden, indem man sich ausdr\u00fccklich von diesen Inhalten distanziert. In dem Internetauftritt von \u201eLehrerinnen und Lehrer ohne Grenzen e.V.\u201c befinden sich ggf. Links zu anderen Seiten im Internet. Wir betonen ausdr\u00fccklich, dass wir keinen Einfluss auf die Gestaltung und den Inhalt der externen Seiten haben, auf die verlinkt wird. Wir k\u00f6nnen daher auch keine Gew\u00e4hr f\u00fcr die Aktualit\u00e4t, Korrektheit, Vollst\u00e4ndigkeit oder Qualit\u00e4t der dort bereitgestellten Informationen \u00fcbernehmen. Deshalb distanziert sich \u201eLehrerinnen und Lehrer ohne Grenzen e.V.\u201c hiermit ausdr\u00fccklich von allen Inhalten dieser Seiten. Diese Erkl\u00e4rung gilt f\u00fcr alle auf unseren Internetseiten enthaltenen Links zu externen Internetseiten und alle Inhalte der Seiten, zu denen diese Links f\u00fchren.<\/p>\n<h4>\u00a0<\/h4>\n<h4>URHEBERRECHT<\/h4>\n<p>Die Webseiten von \u201eLehrerinnen und Lehrer ohne Grenzen e.V.\u201c sind Urheberrechtlich gesch\u00fctzt. Eine Verwertung zu kommerziellen oder politischen Zwecken, im Ganzen, auszugsweise oder auch in ver\u00e4nderter Form, bedarf grunds\u00e4tzlich der vorherigen schriftlichen Zustimmung. Jede Vervielf\u00e4ltigung ist strafbar.<\/p>\n<p>\u00a0<\/p>\n<p><strong>\u00a9 Lehrerinnen und Lehrer ohne Grenzen e.V.<\/strong><\/p>\n<p>\n<\/div><\/div><\/div><\/div><\/div><\/div><\/div><\/div><\/section>","protected":false},"excerpt":{"rendered":"","protected":false},"author":1,"featured_media":3867,"parent":0,"menu_order":0,"comment_status":"closed","ping_status":"closed","template":"","meta":{"footnotes":""},"class_list":["post-3953","page","type-page","status-publish","has-post-thumbnail","hentry"],"_links":{"self":[{"href":"https:\/\/t-w-b.org\/en\/wp-json\/wp\/v2\/pages\/3953","targetHints":{"allow":["GET"]}}],"collection":[{"href":"https:\/\/t-w-b.org\/en\/wp-json\/wp\/v2\/pages"}],"about":[{"href":"https:\/\/t-w-b.org\/en\/wp-json\/wp\/v2\/types\/page"}],"author":[{"embeddable":true,"href":"https:\/\/t-w-b.org\/en\/wp-json\/wp\/v2\/users\/1"}],"replies":[{"embeddable":true,"href":"https:\/\/t-w-b.org\/en\/wp-json\/wp\/v2\/comments?post=3953"}],"version-history":[{"count":1,"href":"https:\/\/t-w-b.org\/en\/wp-json\/wp\/v2\/pages\/3953\/revisions"}],"predecessor-version":[{"id":3954,"href":"https:\/\/t-w-b.org\/en\/wp-json\/wp\/v2\/pages\/3953\/revisions\/3954"}],"wp:featuredmedia":[{"embeddable":true,"href":"https:\/\/t-w-b.org\/en\/wp-json\/wp\/v2\/media\/3867"}],"wp:attachment":[{"href":"https:\/\/t-w-b.org\/en\/wp-json\/wp\/v2\/media?parent=3953"}],"curies":[{"name":"wp","href":"https:\/\/api.w.org\/{rel}","templated":true}]}}