{"id":3932,"date":"2026-01-01T21:28:00","date_gmt":"2026-01-01T20:28:00","guid":{"rendered":"https:\/\/t-w-b.org\/?page_id=3932"},"modified":"2026-03-03T11:08:34","modified_gmt":"2026-03-03T10:08:34","slug":"ch","status":"publish","type":"page","link":"https:\/\/t-w-b.org\/en\/ch\/","title":{"rendered":"Teachers without borders | Switzerland"},"content":{"rendered":"<p><section id=\"bt_section69e3b732db209\"  class=\"boldSection btDarkSkin inherit\" ><div class=\"port\"><div class=\"boldCell\"><div class=\"boldCellInner\"><div class=\"boldRow \" ><div class=\"boldRowInner\"><div class=\"rowItem col-md-12 col-ms-12  btTextLeft\"  data-width=\"12\"><div class=\"rowItemContent\" ><div class=\"slided autoSliderHeight btSliderHidePaging\"  data-simple_arrows=\"no\"><div class=\"slidedItem firstItem\"  data-thumb=\"https:\/\/t-w-b.org\/wp-content\/uploads\/sites\/2\/2026\/01\/twb_start02-01-640x366.jpg\"><div class=\"btSliderPort wBackground cover\" style=\"background-image: url('https:\/\/t-w-b.org\/wp-content\/uploads\/sites\/2\/2026\/01\/twb_start02-01.jpg')\"><div class=\"btSliderCell\" data-slick=\"yes\"><div class=\"btSlideGutter\"><div class=\"btSlidePane\"><div class=\"btClear btSeparator topLargeSpaced bottomSemiSpaced noBorder\" ><hr><\/div><div class=\"btClear btSeparator topSemiSpaced noBorder\" ><hr><\/div><div class=\"btClear btSeparator topSemiSpaced bottomSpaced noBorder visible-xl\" ><hr><\/div><div class=\"boldRow \" ><div class=\"boldRowInner\"><div class=\"rowItem rowInnerItem col-lg-6  btTextLeft\"  ><div class=\"rowItemContent\"><\/div><\/div><div class=\"rowItem rowInnerItem col-lg-6  btTextLeft inherit\"  ><div class=\"rowItemContent\"><header class=\"header btClear medium\" ><div class=\"dash\"><h3><span class=\"headline\">LEHRERINNEN UND LEHRER  OHNE GRENZEN SCHWEIZ<\/span><\/h3><\/div><\/header><div class=\"btText\" ><\/p>\n<p>Unterst\u00fctzen auch Sie Lehrerinnen und Lehrer ohne Grenzen in der Schweiz.<\/p>\n<p>\n<\/div><div class=\"btClear btSeparator topSemiSpaced noBorder\" ><hr><\/div><a href=\"https:\/\/t-w-b.org\/about-ch\/\" class=\"btBtn btBtn btnFilledStyle btnaccent4Color btnMedium btnNormalWidth btnRightPosition btnNoIcon\" ><span class=\"btnInnerText\">DAS SIND WIR<\/span><\/a><\/div><\/div><\/div><\/div><div class=\"btClear btSeparator topLargeSpaced bottomSemiSpaced noBorder\" ><hr><\/div><\/div><\/div><\/div><\/div><\/div><\/div><\/div><\/div><\/div><\/div><\/div><\/div><\/div><\/section><section id=\"bt_section69e3b732dc383\"  class=\"boldSection gutter inherit\" style=\"z-index: 2; position: relative; margin-bottom: -60px;\"><div class=\"port\"><div class=\"boldCell\"><div class=\"boldCellInner\"><div class=\"boldRow \" ><div class=\"boldRowInner\"><div class=\"rowItem col-md-12 col-ms-12  btTextLeft btHighlightShadow inherit\" style=\"background-color: rgba(255, 255, 255, 1); \" data-width=\"12\"><div class=\"rowItemContent\" ><div class=\"boldRow \" style=\"margin-top: -60px;\"><div class=\"boldRowInner\"><div class=\"rowItem rowInnerItem col-lg-12  btTextCenter btTopVertical btTextIndent\" style=\"border-top: #0d90c7 4px solid;\" ><div class=\"rowItemContent\"><div class=\"bpgPhoto \"  style=\"margin: 0 -40px;\"><div class = \"btImage\"><img decoding=\"async\" src=\"https:\/\/t-w-b.org\/wp-content\/uploads\/sites\/2\/2026\/01\/twb_ch01.jpg\" alt=\"\" title=\"\"><\/div><\/div><\/div><\/div><\/div><\/div><\/div><\/div><\/div><\/div><\/div><\/div><\/div><\/section><section id=\"bt_section69e3b732dcdba\"  class=\"boldSection btDarkSkin inherit\" style=\"background-color: transparent; z-index: 1; position: relative;\"><div class=\"port\"><div class=\"boldCell\"><div class=\"boldCellInner\"><div class=\"boldRow \" ><div class=\"boldRowInner\"><div class=\"rowItem col-md-4 col-ms-12 btTextCenter animate animate-fadein animate-moveup btMiddleVertical btTextIndent wBackground cover\" style=\"background-image: url(https:\/\/t-w-b.org\/wp-content\/uploads\/sites\/2\/2026\/01\/peru.png);background-color:rgb(27,145,200);\" data-width=\"4\"><div class=\"rowItemContent\" ><div class=\"btClear btSeparator topSpaced bottomLargeSpaced noBorder\" ><hr><\/div><header class=\"header btClear medium\" ><div class=\"dash\"><h3><span class=\"headline\">AFRIKA<\/span><\/h3><\/div><\/header><div class=\"btClear btSeparator bottomSemiSpaced border\" ><hr><\/div><div class=\"btText\" ><\/p>\n<p style=\"text-align: center\">Wir unterst\u00fctzen Projekte in Afrika.<\/p>\n<p>\n<\/div><div class=\"btClear btSeparator topSmallSpaced bottomSemiSpaced noBorder\" ><hr><\/div><a href=\"https:\/\/t-w-b.org\/projekte\/\" class=\"btBtn btBtn btnFilledStyle btndefaultColor btnMedium btnNormalWidth btnRightPosition btnNoIcon\" ><span class=\"btnInnerText\">Mehr erfahren&#8230;<\/span><\/a><div class=\"btClear btSeparator bottomSpaced noBorder\" ><hr><\/div><\/div><\/div><div class=\"rowItem col-md-4 col-ms-12 btTextCenter animate animate-fadein animate-moveup btMiddleVertical btTextIndent wBackground cover\" style=\"background-image: url(https:\/\/t-w-b.org\/wp-content\/uploads\/sites\/2\/2026\/01\/afghanistan.png);background-color:rgb(34,149,119);\" data-width=\"4\"><div class=\"rowItemContent\" ><div class=\"btClear btSeparator topSpaced bottomLargeSpaced noBorder\" ><hr><\/div><header class=\"header btClear medium\" ><div class=\"dash\"><h3><span class=\"headline\">ASIEN<\/span><\/h3><\/div><\/header><div class=\"btClear btSeparator bottomSemiSpaced border\" ><hr><\/div><div class=\"btText\" ><\/p>\n<p style=\"text-align: center\">Wir unterst\u00fctzen Projekte in Afghanistan und Indonesien.<\/p>\n<p>\n<\/div><div class=\"btClear btSeparator topSmallSpaced bottomSemiSpaced noBorder\" ><hr><\/div><a href=\"https:\/\/t-w-b.org\/projekte\/\" class=\"btBtn btBtn btnFilledStyle btndefaultColor btnMedium btnNormalWidth btnRightPosition btnNoIcon\" ><span class=\"btnInnerText\">Mehr erfahren&#8230;<\/span><\/a><div class=\"btClear btSeparator bottomSpaced noBorder\" ><hr><\/div><\/div><\/div><div class=\"rowItem col-md-4 col-ms-12 btTextCenter animate animate-fadein animate-moveup btMiddleVertical btTextIndent wBackground cover\" style=\"background-image: url(https:\/\/t-w-b.org\/wp-content\/uploads\/sites\/2\/2026\/03\/twb_suedamerika.png);background-color:rgb(220,116,16);\" data-width=\"4\"><div class=\"rowItemContent\" ><div class=\"btClear btSeparator topSpaced bottomLargeSpaced noBorder\" ><hr><\/div><header class=\"header btClear medium\" ><div class=\"dash\"><h3><span class=\"headline\">S\u00dcDAMERIKA<\/span><\/h3><\/div><\/header><div class=\"btClear btSeparator bottomSemiSpaced border\" ><hr><\/div><div class=\"btText\" ><\/p>\n<p style=\"text-align: center\">Wir unterst\u00fctzen Projekte in Peru.<\/p>\n<p>\n<\/div><div class=\"btClear btSeparator topSmallSpaced bottomSemiSpaced noBorder\" ><hr><\/div><a href=\"https:\/\/t-w-b.org\/projekte\/\" class=\"btBtn btBtn btnFilledStyle btndefaultColor btnMedium btnNormalWidth btnRightPosition btnNoIcon\" ><span class=\"btnInnerText\">Mehr erfahren&#8230;<\/span><\/a><div class=\"btClear btSeparator bottomSpaced noBorder\" ><hr><\/div><\/div><\/div><\/div><\/div><\/div><\/div><\/div><\/section><section id=\"bt_section69e3b732de98b\" data-parallax=\"0.5\" data-parallax-offset=\"0\" class=\"boldSection topSpaced bottomSpaced gutter inherit btParallax wBackground cover\" style=\"background-color:#eaebeb;background-image:url('https:\/\/t-w-b.org\/wp-content\/uploads\/sites\/2\/2016\/11\/Kids-club-background-05.jpg');\"><div class=\"port\"><div class=\"boldCell\"><div class=\"boldCellInner\"><div class=\"boldRow \" ><div class=\"boldRowInner\"><div class=\"rowItem btRightBorder col-md-6 col-sm-12 btTextRight animate animate-fadein animate-moveright btMiddleVertical\"  data-width=\"6\"><div class=\"rowItemContent\" ><div class=\"btClear btSeparator topSemiSpaced noBorder\" ><hr><\/div><header class=\"header btClear extralarge\" ><div class=\"dash\"><h1><span class=\"headline\">WIR BEWEGEN<br \/><br><em class=\"animate\">BILDUNG<\/em><br \/><br>WELTWEIT<\/span><\/h1><\/div><\/header><\/div><\/div><div class=\"rowItem col-md-6 col-sm-12 btTextLeft animate animate-fadein animate-moveleft btMiddleVertical\"  data-width=\"6\"><div class=\"rowItemContent\" ><div class=\"btText\" ><\/p>\n<p>Gemeinsam wollen wir den globalen Herausforderungen unserer Zeit begegnen. Bildung \u00f6ffnet Kindern und Jugendlichen daf\u00fcr neue Chancen.<\/p>\n<p>\n<\/div><div class=\"btClear btSeparator topSemiSpaced noBorder\" ><hr><\/div><div class=\"boldRow \" ><div class=\"boldRowInner\"><div class=\"rowItem rowInnerItem col-lg-8  btTextLeft\"  ><div class=\"rowItemContent\"><a href=\"https:\/\/t-w-b.org\/spenden\/\" class=\"btBtn btBtn btnFilledStyle btnaccent1Color btnMedium btnFullWidth btnRightPosition btnNoIcon\" ><span class=\"btnInnerText\">SPENDEN<\/span><\/a><div class=\"btClear btSeparator topSmallSpaced noBorder\" ><hr><\/div><\/div><\/div><div class=\"rowItem rowInnerItem col-lg-4  btTextLeft\"  ><div class=\"rowItemContent\"><\/div><\/div><\/div><\/div><div class=\"boldRow \" ><div class=\"boldRowInner\"><div class=\"rowItem rowInnerItem col-lg-8  btTextLeft\"  ><div class=\"rowItemContent\"><a href=\"https:\/\/t-w-b.org\/mitglied\/\" class=\"btBtn btBtn btnFilledStyle btnaccent2Color btnMedium btnFullWidth btnRightPosition btnNoIcon\" ><span class=\"btnInnerText\">MITGLIED WERDEN<\/span><\/a><div class=\"btClear btSeparator topSmallSpaced noBorder\" ><hr><\/div><\/div><\/div><div class=\"rowItem rowInnerItem col-lg-4  btTextLeft\"  ><div class=\"rowItemContent\"><\/div><\/div><\/div><\/div><div class=\"boldRow \" ><div class=\"boldRowInner\"><div class=\"rowItem rowInnerItem col-lg-8  btTextLeft\"  ><div class=\"rowItemContent\"><a href=\"https:\/\/t-w-b.org\/engagement-3\/\" class=\"btBtn btBtn btnFilledStyle btnaccent3Color btnMedium btnFullWidth btnRightPosition btnNoIcon\" ><span class=\"btnInnerText\">ENGAGEMENT IN PROJEKTEN<\/span><\/a><div class=\"btClear btSeparator topSmallSpaced noBorder\" ><hr><\/div><\/div><\/div><div class=\"rowItem rowInnerItem col-lg-4  btTextLeft\"  ><div class=\"rowItemContent\"><\/div><\/div><\/div><\/div><\/div><\/div><\/div><\/div><\/div><\/div><\/div><\/section><section id=\"bt_section69e3b732dfa8d\"  class=\"boldSection topLargeSpaced bottomLargeSpaced gutter inherit wBackground cover\" style=\"background-image:url('https:\/\/t-w-b.org\/wp-content\/uploads\/sites\/2\/2026\/01\/lulog-ch_background.jpg');\"><div class=\"port\"><div class=\"boldCell\"><div class=\"boldCellInner\"><div class=\"boldRow \" ><div class=\"boldRowInner\"><div class=\"rowItem col-md-2  col-sm-4 col-ms-12 btTextLeft\"  data-width=\"2\"><div class=\"rowItemContent\" ><\/div><\/div><div class=\"rowItem col-md-8 col-ms-12 btTextCenter animate animate-fadein inherit\"  data-width=\"8\"><div class=\"rowItemContent\" ><header class=\"header btClear extralarge  btHeaderAccent2\" ><div class=\"dash\"><h1><span class=\"headline\">NEUIGKEITEN<\/span><\/h1><\/div><\/header><div class=\"btText\" ><\/p>\n<div id=\"av-layout-grid-1\" class=\"av-layout-grid-container entry-content-wrapper main_color av-flex-cells avia-builder-el-0 el_before_av_one_full avia-builder-el-first container_wrap fullsize\">\n<div class=\"flex_cell no_margin av_one_half avia-builder-el-3 el_after_av_cell_one_half avia-builder-el-last \">\n<div class=\"flex_cell_inner\">\n<section class=\"av_textblock_section \">\n<div class=\"avia_textblock av_inherit_color \">\n<p style=\"text-align: center\">Ehrenamtlich Engagierte sind f\u00fcr Sie vor Ort und berichten von der Arbeit in den Schulen, der aktuellen Situation, den Bedarfen und vor allem von den Menschen!<\/p>\n<\/div>\n<\/section>\n<\/div>\n<\/div>\n<\/div>\n<div id=\"after_submenu_1\" class=\"main_color av_default_container_wrap container_wrap fullsize\">\n<div class=\"container av-section-cont-open\">\n<div class=\"template-page content av-content-full alpha units\">\n<div class=\"post-entry post-entry-type-page post-entry-2554\">\n<div class=\"entry-content-wrapper clearfix\">\n<div class=\"flex_column av-8d2ox-a18f3ed4f6bd9fad872133675ad50444 av_one_full avia-builder-el-6 el_after_av_layout_row avia-builder-el-no-sibling first flex_column_div \">\n<div class=\"avia-content-slider avia-content-grid-active avia-content-slider1 avia-content-slider-odd avia-builder-el-7 avia-builder-el-no-sibling \">\n<div class=\"avia-content-slider-inner\">\n<div class=\"slide-entry-wrap\" style=\"text-align: center\">\u00a0<\/div>\n<\/div>\n<\/div>\n<\/div>\n<\/div>\n<\/div>\n<\/div>\n<\/div>\n<\/div>\n<p>\n<\/div><\/div><\/div><div class=\"rowItem col-md-2  col-sm-4 col-ms-12 btTextLeft\"  data-width=\"2\"><div class=\"rowItemContent\" ><\/div><\/div><\/div><\/div><div class=\"boldRow \" ><div class=\"boldRowInner\"><div class=\"rowItem col-md-12 col-ms-12  btTextLeft\"  data-width=\"12\"><div class=\"rowItemContent\" ><div class=\"btClear btSeparator topSemiSpaced bottomSpaced border\" ><hr><\/div><div class=\"btLatestPostsContainer horizontalPosts \" >\n\t\t\t\t<div class=\"btSingleLatestPost col-sm-4 col-ms-12  inherit\"><div class=\"btSingleLatestPostImage btTextCenter\"><div class=\"bpgPhoto \" > \r\n\t\t\t\t\t<a href=\"https:\/\/t-w-b.org\/en\/2026\/02\/website-launch\/\" target=\"_self\" title=\"\"><\/a>\r\n\t\t\t\t\t<div class=\"boldPhotoBox\"><div class=\"bpbItem\"><div class = \"btImage\"><img decoding=\"async\" src=\"https:\/\/t-w-b.org\/wp-content\/uploads\/sites\/2\/2026\/02\/twb_website-launch-1280x640.jpg\" alt=\"\" title=\"\"><\/div><\/div><\/div>\r\n\t\t\t\t\t<div class=\"captionPane btDarkSkin btTextCenter\">\r\n\t\t\t\t\t\t<div class=\"captionTable\">\r\n\t\t\t\t\t\t\t<div class=\"captionCell\">\r\n\t\t\t\t\t\t\t\t<div class=\"captionTxt\"><\/div>\r\n\t\t\t\t\t\t\t<\/div>\r\n\t\t\t\t\t\t<\/div>\r\n\t\t\t\t\t<\/div><\/div><\/div><div class = \"btSingleLatestPostContent\">\n\t\t\t\t\t\t<header class=\"header btClear small\" ><div class=\"dash\"><h4><span class=\"headline\"><a href=\"https:\/\/t-w-b.org\/en\/2026\/02\/website-launch\/\" target=\"_self\">Unsere neue Website ist online!<\/a><\/span><\/h4><\/div><div class=\"btSubTitle\"><span class=\"btArticleDate\">28. February 2026<\/span><\/div><\/header>\n\t\t\t\t<p class=\"btLatestPostContent\">WIR SIND ONLINE!!! Endlich ist es soweit &#8211; wir sind mit unseren neuen Webseiten, einem neuen Aussehen, einer neuen Dachorganisation Teachers without Borders und den Webseiten von Lehrerinnen und Lehrer [&hellip;]<\/p>\n\t\t\t\t\t<\/div>\n\t\t\t\t<\/div>\n\t\t\t\t<div class=\"btSingleLatestPost col-sm-4 col-ms-12  inherit\"><div class=\"btSingleLatestPostImage btTextCenter\"><div class=\"bpgPhoto \" > \r\n\t\t\t\t\t<a href=\"https:\/\/t-w-b.org\/en\/2025\/11\/lehrerinnen-und-lehrer-ohne-grenzen-schweiz-gegruendet\/\" target=\"_self\" title=\"\"><\/a>\r\n\t\t\t\t\t<div class=\"boldPhotoBox\"><div class=\"bpbItem\"><div class = \"btImage\"><img decoding=\"async\" src=\"https:\/\/t-w-b.org\/wp-content\/uploads\/sites\/2\/2026\/01\/lulog_ch_1-1280x640.png\" alt=\"\" title=\"\"><\/div><\/div><\/div>\r\n\t\t\t\t\t<div class=\"captionPane btDarkSkin btTextCenter\">\r\n\t\t\t\t\t\t<div class=\"captionTable\">\r\n\t\t\t\t\t\t\t<div class=\"captionCell\">\r\n\t\t\t\t\t\t\t\t<div class=\"captionTxt\"><\/div>\r\n\t\t\t\t\t\t\t<\/div>\r\n\t\t\t\t\t\t<\/div>\r\n\t\t\t\t\t<\/div><\/div><\/div><div class = \"btSingleLatestPostContent\">\n\t\t\t\t\t\t<header class=\"header btClear small\" ><div class=\"dash\"><h4><span class=\"headline\"><a href=\"https:\/\/t-w-b.org\/en\/2025\/11\/lehrerinnen-und-lehrer-ohne-grenzen-schweiz-gegruendet\/\" target=\"_self\">Lehrerinnen und Lehrer ohne Grenzen Schweiz gegr\u00fcndet<\/a><\/span><\/h4><\/div><div class=\"btSubTitle\"><span class=\"btArticleDate\">15. November 2025<\/span><\/div><\/header>\n\t\t\t\t<p class=\"btLatestPostContent\">Am 14. November hat sich &#8222;Lehrerinnen und Lehrer ohne Grenzen SCHWEIZ&#8220; gegr\u00fcndet! Wir freuen uns sehr auf die Zusammenarbeit mit unserem ersten Schwesterverein und sagen Herzlichen Gl\u00fcckwunsch zur Gr\u00fcndung und [&hellip;]<\/p>\n\t\t\t\t\t<\/div>\n\t\t\t\t<\/div><\/div><\/div><\/div><\/div><\/div><\/div><\/div><\/div><\/section><section id=\"bt_section69e3b732e4cb0\"  class=\"boldSection topLargeSpaced bottomLargeSpaced gutter inherit wBackground cover\" style=\"background-image:url('https:\/\/t-w-b.org\/wp-content\/uploads\/sites\/2\/2025\/12\/twb-start01.jpg');\"><div class=\"port\"><div class=\"boldCell\"><div class=\"boldCellInner\"><div class=\"boldRow \" ><div class=\"boldRowInner\"><div class=\"rowItem col-md-2  col-sm-4 col-ms-12 btTextLeft\"  data-width=\"2\"><div class=\"rowItemContent\" ><\/div><\/div><div class=\"rowItem col-md-8 col-ms-12 btTextCenter animate animate-fadein inherit\"  data-width=\"8\"><div class=\"rowItemContent\" ><header class=\"header btClear extralarge  btHeaderAccent1\" ><div class=\"dash\"><h1><span class=\"headline\">UNSERE BOTSCHAFTER:INNEN<\/span><\/h1><\/div><\/header><div class=\"btText\" ><\/p>\n<p><span style=\"color: #ffffff\">Unsere Botschafter:innen helfen uns, mit ihrem Engagement, unsere Botschaft in die Welt zu tragen und f\u00fcr das Thema \u201eAnrecht auf Bildung f\u00fcr jedes Kind\u201c zu sensibilisieren.<\/span><\/p>\n<p>\n<\/div><\/div><\/div><div class=\"rowItem col-md-2  col-sm-4 col-ms-12 btTextLeft\"  data-width=\"2\"><div class=\"rowItemContent\" ><\/div><\/div><\/div><\/div><div class=\"boldRow \" ><div class=\"boldRowInner\"><div class=\"rowItem col-md-12 col-ms-12  btTextCenter inherit\"  data-width=\"12\"><div class=\"rowItemContent\" ><div class=\"btClear btSeparator bottomSpaced noBorder\" ><hr><\/div><div class=\"btGridContainer tiled btGridGap-0 \" ><div class=\"tilesWall btAjaxGrid tiled\" data-num=\"6\" data-tiles-title=\"no\" data-grid-type=\"tiled\" data-post-type=\"post\" data-col=\"6\" data-cat-slug=\"botschafter-ch\" data-scroll-loading=\"yes\" data-format=\"\" data-related=\"\" data-sticky=\"yes\"><div class=\"gridSizer\"><\/div><\/div><div class=\"btLoader btLoaderGrid\"><\/div><div class=\"btNoMore btTextCenter topSmallSpaced bottomSmallSpaced\">No more posts<\/div><\/div><div class=\"btClear btSeparator bottomSpaced noBorder\" ><hr><\/div><a href=\"https:\/\/t-w-b.org\/botschafter-2\/\" class=\"btBtn btBtn btnFilledStyle btnaccent1Color btnMedium btnNormalWidth btnRightPosition btnNoIcon\" ><span class=\"btnInnerText\">ZU UNSEREN BOTSCHAFTER:INNEN<\/span><\/a><\/div><\/div><\/div><\/div><\/div><\/div><\/div><\/section><\/p>\n","protected":false},"excerpt":{"rendered":"","protected":false},"author":1,"featured_media":0,"parent":0,"menu_order":0,"comment_status":"closed","ping_status":"closed","template":"","meta":{"footnotes":""},"class_list":["post-3932","page","type-page","status-publish","hentry"],"_links":{"self":[{"href":"https:\/\/t-w-b.org\/en\/wp-json\/wp\/v2\/pages\/3932","targetHints":{"allow":["GET"]}}],"collection":[{"href":"https:\/\/t-w-b.org\/en\/wp-json\/wp\/v2\/pages"}],"about":[{"href":"https:\/\/t-w-b.org\/en\/wp-json\/wp\/v2\/types\/page"}],"author":[{"embeddable":true,"href":"https:\/\/t-w-b.org\/en\/wp-json\/wp\/v2\/users\/1"}],"replies":[{"embeddable":true,"href":"https:\/\/t-w-b.org\/en\/wp-json\/wp\/v2\/comments?post=3932"}],"version-history":[{"count":15,"href":"https:\/\/t-w-b.org\/en\/wp-json\/wp\/v2\/pages\/3932\/revisions"}],"predecessor-version":[{"id":5005,"href":"https:\/\/t-w-b.org\/en\/wp-json\/wp\/v2\/pages\/3932\/revisions\/5005"}],"wp:attachment":[{"href":"https:\/\/t-w-b.org\/en\/wp-json\/wp\/v2\/media?parent=3932"}],"curies":[{"name":"wp","href":"https:\/\/api.w.org\/{rel}","templated":true}]}}