{"id":2411,"date":"2016-11-17T08:51:48","date_gmt":"2016-11-17T08:51:48","guid":{"rendered":"http:\/\/kids-club.bold-themes.com\/main-demo\/?page_id=2411"},"modified":"2026-04-10T10:43:47","modified_gmt":"2026-04-10T08:43:47","slug":"engagement-3","status":"publish","type":"page","link":"https:\/\/t-w-b.org\/en\/engagement-3\/","title":{"rendered":"Involvement in projects"},"content":{"rendered":"<p><section id=\"bt_section69e3bddae1109\"  class=\"boldSection topSpaced gutter inherit\" ><div class=\"port\"><div class=\"boldCell\"><div class=\"boldCellInner\"><div class=\"boldRow\" ><div class=\"boldRowInner\"><div class=\"rowItem col-md-6 col-sm-12 btTextLeft animate animate-fadein animate-moveup inherit btNoPadding wBackground cover\" style=\"min-height: 400px;background-image: url(https:\/\/t-w-b.org\/wp-content\/uploads\/sites\/2\/2026\/01\/image-45.jpeg);\" data-width=\"6\"><div class=\"rowItemContent\" ><\/div><\/div><div class=\"rowItem col-md-6 col-sm-12 btTextLeft animate animate-fadein animate-moveup btHighlightBorder btTopVertical btTextIndent\" style=\"border-color:rgb(13,144,199);\" data-width=\"6\"><div class=\"rowItemContent\" style = \"background-color: rgba(255, 255, 255, 1); \"><div class=\"btClear btSeparator topSmallSpaced bottomSmallSpaced noBorder\" ><hr><\/div><div class=\"boldRow\" ><div class=\"boldRowInner\"><div class=\"rowItem rowInnerItem col-lg-12  btTextLeft\"  ><div class=\"rowItemContent\"><div class=\"btIconImageRow\" ><span class=\"btIco btIcoDefaultType btIcoBigSize btAccent1Icon\"><span  data-ico-fa=\"&#xf2b5;\" class=\"btIcoHolder\"><\/span><\/span><\/div><div class=\"btClear btSeparator topSmallSpaced bottomSmallSpaced noBorder\" ><hr><\/div><header class=\"header btClear medium  btHeaderAccent1\" ><div class=\"btSuperTitle\"><span>SEIEN SIE DABEI! <\/span><\/div><div class=\"dash\"><h3><span class=\"headline\">YOUR COMMITMENT<\/span><\/h3><\/div><\/header><div class=\"btText\" ><\/p>\n<p>M\u00f6chten Sie sich direkt vor Ort in einem unserer Projekte engagieren und gemeinsam mit Sch\u00fclerinnen und Sch\u00fclern und Lehrkr\u00e4ften viel Gutes bewirken? Sprechen Sie uns gerne an!\u00a0<\/p>\n<p>\n<\/div><div class=\"btClear btSeparator topSmallSpaced bottomSmallSpaced noBorder\" ><hr><\/div><a href=\"https:\/\/t-w-b.org\/en\/kontakt\/\" class=\"btBtn btBtn btnFilledStyle btnaccent1Color btnSmall btnNormalWidth btnRightPosition btnIco\" ><span class=\"btnInnerText\">KONTAKT<\/span><span class=\"btIco\"><span  data-ico-s7=\"&#xe639;\" class=\"btIcoHolder\"><\/span><\/span><\/a><div class=\"btClear btSeparator topSmallSpaced noBorder\" ><hr><\/div><\/div><\/div><\/div><\/div><div class=\"btClear btSeparator bottomSmallSpaced noBorder\" ><hr><\/div><\/div><\/div><\/div><\/div><\/div><\/div><\/div><\/section><section id=\"bt_section69e3bddae1c2f\"  class=\"boldSection topSpaced bottomSpaced gutter inherit\" ><div class=\"port\"><div class=\"boldCell\"><div class=\"boldCellInner\"><div class=\"boldRow\" ><div class=\"boldRowInner\"><div class=\"rowItem col-md-9 col-ms-12  btTextLeft animate animate-fadein inherit\"  data-width=\"9\"><div class=\"rowItemContent\" ><header class=\"header btClear large  btHeaderAccent4\" ><div class=\"btSuperTitle\"><span>COMMITMENT TO PROJECTS<\/span><\/div><div class=\"dash\"><h2><span class=\"headline\">AKTUELL VOR ORT<\/span><\/h2><\/div><div class=\"btSubTitle\">In folgenden Projekten k\u00f6nnen Sie sich aktuell vor Ort engagieren:<\/div><\/header><\/div><\/div><div class=\"rowItem col-md-3 col-sm-6 col-ms-12 btTextLeft\"  data-width=\"3\"><div class=\"rowItemContent\" ><\/div><\/div><\/div><\/div><div class=\"boldRow\" ><div class=\"boldRowInner\"><div class=\"rowItem col-md-12 col-ms-12  btTextLeft\"  data-width=\"12\"><div class=\"rowItemContent\" ><div class=\"btClear btSeparator topSemiSpaced bottomSmallSpaced noBorder\" ><hr><\/div><\/div><\/div><\/div><\/div><div class=\"boldRow\" ><div class=\"boldRowInner\"><div class=\"rowItem col-md-3 col-sm-6 col-ms-12 btTextLeft animate animate-fadein animate-moveup btTopVertical btTextIndent\"  data-width=\"3\"><div class=\"rowItemContent\" ><div class=\"bpgPhoto  btOutlinedImage\" ><div class = \"btImage\"><img decoding=\"async\" src=\"https:\/\/t-w-b.org\/wp-content\/uploads\/sites\/2\/2026\/01\/engagement-mombasa-1.jpg\" alt=\"\" title=\"\"><\/div><\/div><div class=\"boldRow\" style=\"margin-top: -60px;\"><div class=\"boldRowInner\"><div class=\"rowItem rowInnerItem col-lg-12  btTextLeft inherit btNoPadding\" style=\"background-color: rgba(255, 255, 255, 0.7);\" ><div class=\"rowItemContent\"><\/div><\/div><\/div><\/div><div class=\"btClear btSeparator topSemiSpaced bottomSemiSpaced noBorder\" ><hr><\/div><header class=\"header btClear medium  btHeaderAccent1\" ><div class=\"dash\"><h3><span class=\"headline\">MOMBASA<\/span><\/h3><\/div><div class=\"btSubTitle\">Little Angel \u2013 ERMA Hope &amp; Eco e.V.<\/div><\/header><div class=\"btClear btSeparator topSmallSpaced noBorder\" ><hr><\/div><a href=\"https:\/\/www.kenia-little-angel.de\" class=\"btBtn btBtn btnFilledStyle btnaccent1Color btnSmall btnNormalWidth btnRightPosition btnIco\"  target=\"_blank\"><span class=\"btnInnerText\">WEITERE INFOS&#8230;<\/span><span class=\"btIco\"><span  data-ico-fa=\"&#xf127;\" class=\"btIcoHolder\"><\/span><\/span><\/a><div class=\"btClear btSeparator topSmallSpaced noBorder\" ><hr><\/div><\/div><\/div><div class=\"rowItem col-md-3 col-sm-6 col-ms-12 btTextLeft animate animate-fadein animate-moveup btTopVertical btTextIndent\"  data-width=\"3\"><div class=\"rowItemContent\" ><div class=\"bpgPhoto  btOutlinedImage\" ><div class = \"btImage\"><img decoding=\"async\" src=\"https:\/\/t-w-b.org\/wp-content\/uploads\/sites\/2\/2026\/01\/engagement-mombasa2.jpg\" alt=\"\" title=\"\"><\/div><\/div><div class=\"boldRow\" style=\"margin-top: -60px;\"><div class=\"boldRowInner\"><div class=\"rowItem rowInnerItem col-lg-12  btTextLeft inherit btNoPadding\" style=\"background-color: rgba(255, 255, 255, 0.7);\" ><div class=\"rowItemContent\"><\/div><\/div><\/div><\/div><div class=\"btClear btSeparator topSemiSpaced bottomSemiSpaced noBorder\" ><hr><\/div><header class=\"header btClear medium  btHeaderAccent1\" ><div class=\"dash\"><h3><span class=\"headline\">MOMBASA<\/span><\/h3><\/div><div class=\"btSubTitle\">Hope Children\u00b4s Centre<\/div><\/header><div class=\"btClear btSeparator topSmallSpaced noBorder\" ><hr><\/div><a href=\"http:\/\/www.hope-childrens-centre.com\/volunteer-time.html\" class=\"btBtn btBtn btnFilledStyle btnaccent1Color btnSmall btnNormalWidth btnRightPosition btnIco\"  target=\"_blank\"><span class=\"btnInnerText\">WEITERE INFOS&#8230;<\/span><span class=\"btIco\"><span  data-ico-fa=\"&#xf127;\" class=\"btIcoHolder\"><\/span><\/span><\/a><div class=\"btClear btSeparator topSmallSpaced noBorder\" ><hr><\/div><\/div><\/div><div class=\"rowItem col-md-3 col-sm-6 col-ms-12 btTextLeft animate animate-fadein animate-moveup btTopVertical btTextIndent\"  data-width=\"3\"><div class=\"rowItemContent\" ><div class=\"bpgPhoto  btOutlinedImage\" ><div class = \"btImage\"><img decoding=\"async\" src=\"https:\/\/t-w-b.org\/wp-content\/uploads\/sites\/2\/2026\/01\/engagement-tansania.jpg\" alt=\"\" title=\"\"><\/div><\/div><div class=\"boldRow\" style=\"margin-top: -60px;\"><div class=\"boldRowInner\"><div class=\"rowItem rowInnerItem col-lg-12  btTextLeft inherit btNoPadding\" style=\"background-color: rgba(255, 255, 255, 0.7);\" ><div class=\"rowItemContent\"><\/div><\/div><\/div><\/div><div class=\"btClear btSeparator topSemiSpaced bottomSemiSpaced noBorder\" ><hr><\/div><header class=\"header btClear medium  btHeaderAccent1\" ><div class=\"dash\"><h3><span class=\"headline\">TANSANIA<\/span><\/h3><\/div><div class=\"btSubTitle\">Friends of Education in Tansania e.V.<\/div><\/header><div class=\"btClear btSeparator topSmallSpaced noBorder\" ><hr><\/div><a href=\"https:\/\/t-w-b.org\/en\/portfolio\/tansania-ifakara\/\" class=\"btBtn btBtn btnFilledStyle btnaccent1Color btnSmall btnNormalWidth btnRightPosition btnIco\"  target=\"_blank\"><span class=\"btnInnerText\">WEITERE INFOS&#8230;<\/span><span class=\"btIco\"><span  data-ico-fa=\"&#xf127;\" class=\"btIcoHolder\"><\/span><\/span><\/a><div class=\"btClear btSeparator topSmallSpaced noBorder\" ><hr><\/div><\/div><\/div><div class=\"rowItem col-md-3 col-sm-6 col-ms-12 btTextLeft animate animate-fadein animate-moveup btTopVertical btTextIndent\"  data-width=\"3\"><div class=\"rowItemContent\" ><div class=\"bpgPhoto  btOutlinedImage\" ><div class = \"btImage\"><img decoding=\"async\" src=\"https:\/\/t-w-b.org\/wp-content\/uploads\/sites\/2\/2026\/01\/engagement-bali.jpg\" alt=\"\" title=\"\"><\/div><\/div><div class=\"boldRow\" style=\"margin-top: -60px;\"><div class=\"boldRowInner\"><div class=\"rowItem rowInnerItem col-lg-12  btTextLeft inherit btNoPadding\" style=\"background-color: rgba(255, 255, 255, 0.7);\" ><div class=\"rowItemContent\"><\/div><\/div><\/div><\/div><div class=\"btClear btSeparator topSemiSpaced bottomSemiSpaced noBorder\" ><hr><\/div><header class=\"header btClear medium  btHeaderAccent1\" ><div class=\"dash\"><h3><span class=\"headline\">BALI<\/span><\/h3><\/div><div class=\"btSubTitle\">Sushrusa Deaf School<\/div><\/header><div class=\"btClear btSeparator topSmallSpaced noBorder\" ><hr><\/div><a href=\"https:\/\/t-w-b.org\/en\/portfolio\/togo-lome\/\" class=\"btBtn btBtn btnFilledStyle btnaccent1Color btnSmall btnNormalWidth btnRightPosition btnIco\"  target=\"_blank\"><span class=\"btnInnerText\">WEITERE INFOS&#8230;<\/span><span class=\"btIco\"><span  data-ico-fa=\"&#xf127;\" class=\"btIcoHolder\"><\/span><\/span><\/a><div class=\"btClear btSeparator topSmallSpaced noBorder\" ><hr><\/div><\/div><\/div><\/div><\/div><\/div><\/div><\/div><\/section><section id=\"bt_section69e3bddae3b2f\"  class=\"boldSection gutter\" ><div class=\"port\"><div class=\"boldCell\"><div class=\"boldCellInner\"><div class=\"boldRow\" ><div class=\"boldRowInner\"><div class=\"rowItem col-md-12 col-ms-12  btTextLeft\"  data-width=\"12\"><div class=\"rowItemContent\" ><div class=\"btText\" ><\/p>\n<p style=\"text-align: center;\">N\u00e4here Informationen zu den Projekten finden Sie auch unter \u201e<a href=\"https:\/\/www.lehrerohnegrenzen.com\/projekte\/\">Our projects<\/a>\u201e.<\/p>\n<p style=\"text-align: center;\"><em>\u00dcber Ihr Interesse freuen wir uns sehr. Voraussetzung eines Engagements ist die Mitgliedschaft im Verein. Aktuell k\u00f6nnen wir leider keine Reisekosten \u00fcbernehmen.<\/em><\/p>\n<p>\n<\/div><div class=\"btClear btSeparator topSpaced bottomSpaced noBorder\" ><hr><\/div><\/div><\/div><\/div><\/div><\/div><\/div><\/div><\/section><\/p>","protected":false},"excerpt":{"rendered":"<p>M\u00f6chten Sie sich direkt vor Ort in einem unserer Projekte engagieren und gemeinsam mit Sch\u00fclerinnen und Sch\u00fclern und Lehrkr\u00e4ften viel Gutes bewirken? <\/p>","protected":false},"author":5,"featured_media":4510,"parent":0,"menu_order":0,"comment_status":"closed","ping_status":"closed","template":"","meta":{"footnotes":""},"class_list":["post-2411","page","type-page","status-publish","has-post-thumbnail","hentry"],"_links":{"self":[{"href":"https:\/\/t-w-b.org\/en\/wp-json\/wp\/v2\/pages\/2411","targetHints":{"allow":["GET"]}}],"collection":[{"href":"https:\/\/t-w-b.org\/en\/wp-json\/wp\/v2\/pages"}],"about":[{"href":"https:\/\/t-w-b.org\/en\/wp-json\/wp\/v2\/types\/page"}],"author":[{"embeddable":true,"href":"https:\/\/t-w-b.org\/en\/wp-json\/wp\/v2\/users\/5"}],"replies":[{"embeddable":true,"href":"https:\/\/t-w-b.org\/en\/wp-json\/wp\/v2\/comments?post=2411"}],"version-history":[{"count":21,"href":"https:\/\/t-w-b.org\/en\/wp-json\/wp\/v2\/pages\/2411\/revisions"}],"predecessor-version":[{"id":5126,"href":"https:\/\/t-w-b.org\/en\/wp-json\/wp\/v2\/pages\/2411\/revisions\/5126"}],"wp:featuredmedia":[{"embeddable":true,"href":"https:\/\/t-w-b.org\/en\/wp-json\/wp\/v2\/media\/4510"}],"wp:attachment":[{"href":"https:\/\/t-w-b.org\/en\/wp-json\/wp\/v2\/media?parent=2411"}],"curies":[{"name":"wp","href":"https:\/\/api.w.org\/{rel}","templated":true}]}}