{"id":2395,"date":"2016-11-17T08:51:47","date_gmt":"2016-11-17T08:51:47","guid":{"rendered":"http:\/\/kids-club.bold-themes.com\/main-demo\/?page_id=2395"},"modified":"2026-03-02T10:00:07","modified_gmt":"2026-03-02T09:00:07","slug":"spenden","status":"publish","type":"page","link":"https:\/\/t-w-b.org\/en\/spenden\/","title":{"rendered":"Donations"},"content":{"rendered":"<section id=\"bt_section69e3b9e7aa5bb\"  class=\"boldSection topSpaced bottomLargeSpaced gutter inherit\" ><div class=\"port\"><div class=\"boldCell\"><div class=\"boldCellInner\"><div class=\"boldRow\" ><div class=\"boldRowInner\"><div class=\"rowItem col-md-9 col-ms-12  btTextLeft animate animate-fadein inherit\"  data-width=\"9\"><div class=\"rowItemContent\" ><header class=\"header btClear large  btHeaderAccent1\" ><div class=\"btSuperTitle\"><span>YOUR COMMITMENT<\/span><\/div><div class=\"dash\"><h2><span class=\"headline\">HELFEN SIE MIT! <\/span><\/h2><\/div><div class=\"btSubTitle\">WIR SAGEN DANKE! <\/div><\/header><\/div><\/div><div class=\"rowItem col-md-3 col-sm-6 col-ms-12 btTextLeft\"  data-width=\"3\"><div class=\"rowItemContent\" ><\/div><\/div><\/div><\/div><div class=\"boldRow\" ><div class=\"boldRowInner\"><div class=\"rowItem col-md-12 col-ms-12  btTextLeft\"  data-width=\"12\"><div class=\"rowItemContent\" ><div class=\"btClear btSeparator topSemiSpaced bottomSmallSpaced noBorder\" ><hr><\/div><\/div><\/div><\/div><\/div><div class=\"boldRow\" ><div class=\"boldRowInner\"><div class=\"rowItem col-md-6 col-sm-12 btTextCenter animate animate-fadein btHighlightShadow inherit btTextIndent\"  data-width=\"6\"><div class=\"rowItemContent\" ><div class=\"btClear btSeparator topSmallSpaced bottomSmallSpaced noBorder\" ><hr><\/div><div class=\"btPriceTable\" ><div class=\"btPriceTableHeader btDarkSkin\"><div class=\"btPriceTableSticker\"><div><div>LuLoG |&nbsp;DE<\/div><\/div><\/div><header class=\"header btClear extralarge btDash bottomDash\" ><div class=\"dash\"><h1><span class=\"headline\"><span class=\"btPriceTableCurrency\"><\/span>GERMANY<\/span><\/h1><\/div><\/header><\/div><!-- \/ptHeader -->\n\t\t\t<ul><li><\/li><li><\/li><\/ul>\n\t\t<\/div><div class=\"btText\" ><\/p>\n<p style=\"text-align: center\"><strong>Unser Spendenkonto:\u00a0<br \/><\/strong><br \/>Lehrerinnen und Lehrer ohne Grenzen<br \/><strong>Sparkasse Wilhelmshaven<\/strong><br \/><strong>DE28 2825 0110 0035 2465 37<\/strong><br \/><strong>BRLADE21WHV<\/strong><\/p>\n<p>\n<\/div><div class=\"btClear btSeparator bottomSpaced noBorder\" ><hr><\/div><a href=\"https:\/\/www.paypal.com\/donate\/?hosted_button_id=6Z75ZL5MZ3R24\" class=\"btBtn btBtn btnFilledStyle btnaccent3Color btnMedium btnNormalWidth btnRightPosition btnIco\" style=\"margin-bottom: -30px;\" target=\"_blank\"><span class=\"btnInnerText\">SPENDEN VIA PAYPAL<\/span><span class=\"btIco\"><span  data-ico-fa=\"&#xf1f4;\" class=\"btIcoHolder\"><\/span><\/span><\/a><div class=\"btClear btSeparator topSpaced bottomSemiSpaced border\" ><hr><\/div><div class=\"btText\" ><\/p>\n<p style=\"text-align: center\"><em>Spenden sind steuerlich absetzbar. Bitte geben Sie bei einer \u00dcberweisung Ihre vollst\u00e4ndige Anschrift an, sodass wir Ihnen eine Zuwendungsbest\u00e4tigung zusenden k\u00f6nnen. Bei Zuwendungen \u00fcber 300 Euro senden wir Ihnen automatisch eine Best\u00e4tigung zu.\u00a0<\/em><\/p>\n<p style=\"text-align: center\"><em>Bis zu einem Spendenbetrag in H\u00f6he von 300 Euro ist f\u00fcr das Finanzamt ein vereinfachter Spendennachweis in Verbindung mit Ihrem Kontoauszug \/ Onlinebanking-Ausdruck ausreichend. <a href=\"https:\/\/www.lehrerohnegrenzen.com\/wp-content\/uploads\/sites\/11\/2023\/03\/Vereinfachte-Zuwendungsbestaetigung_LoG.pdf\" target=\"_blank\">Den Nachweis k\u00f6nnen Sie hier herunterladen<\/a>.<\/em><\/p>\n<p style=\"text-align: center\"><em>Der Verein ist vom Finanzamt Wilhelmshaven als mildt\u00e4tiger Verein zur F\u00f6rderung von Bildungszwecken anerkannt.\u00a0<\/em><\/p>\n<p>\n<\/div><div class=\"btClear btSeparator topSmallSpaced bottomSemiSpaced noBorder\" ><hr><\/div><\/div><\/div><div class=\"rowItem col-md-6 col-sm-12 btTextCenter animate animate-fadein btHighlightShadow inherit btTextIndent\"  data-width=\"6\"><div class=\"rowItemContent\" ><div class=\"btClear btSeparator topSmallSpaced bottomSmallSpaced noBorder\" ><hr><\/div><div class=\"btPriceTable\" ><div class=\"btPriceTableHeader btDarkSkin\"><div class=\"btPriceTableSticker\"><div><div>LuLoG |&nbsp;CH<\/div><\/div><\/div><header class=\"header btClear extralarge btDash bottomDash\" ><div class=\"dash\"><h1><span class=\"headline\"><span class=\"btPriceTableCurrency\"><\/span>SWITZERLAND<\/span><\/h1><\/div><\/header><\/div><!-- \/ptHeader -->\n\t\t\t<ul><li><\/li><li><\/li><\/ul>\n\t\t<\/div><div class=\"btText\" ><\/p>\n<p style=\"text-align: center\"><strong>Unser Spendenkonto:<br \/><\/strong><br \/>Teachers without borders Switzerland<br \/><strong>CH05 8080 8008 2554 2858 1<br \/><\/strong>Raiffeisenbank Luzern<br \/>Bahnhofstrasse 5<br \/>CH-6003 Luzern<\/p>\n<p>\n<\/div><div class=\"btClear btSeparator bottomSmallSpaced noBorder\" ><hr><\/div><div class=\"boldRow\" ><div class=\"boldRowInner\"><div class=\"rowItem rowInnerItem col-lg-3  btTextLeft\"  ><div class=\"rowItemContent\"><\/div><\/div><div class=\"rowItem rowInnerItem col-lg-6  btTextLeft\"  ><div class=\"rowItemContent\"><div class=\"bpgPhoto\" ><div class = \"btImage\"><img decoding=\"async\" src=\"https:\/\/t-w-b.org\/wp-content\/uploads\/sites\/2\/2026\/02\/qr_code-320x320.png\" alt=\"\" title=\"\"><\/div><\/div><\/div><\/div><div class=\"rowItem rowInnerItem col-lg-3  btTextLeft\"  ><div class=\"rowItemContent\"><\/div><\/div><\/div><\/div><div class=\"btClear btSeparator bottomSmallSpaced noBorder\" ><hr><\/div><a href=\"https:\/\/donate.raisenow.io\/bmhsp?analytics.channel=qr-code&amp;lng=de\" class=\"btBtn btBtn btnFilledStyle btnaccent3Color btnMedium btnNormalWidth btnRightPosition btnIco\" style=\"margin-bottom: -30px;\" target=\"_blank\"><span class=\"btnInnerText\">SPENDEN VIA RAISENOW<\/span><span class=\"btIco\"><span  data-ico-fa=\"&#xf0d6;\" class=\"btIcoHolder\"><\/span><\/span><\/a><div class=\"btClear btSeparator topSpaced bottomSemiSpaced border\" ><hr><\/div><div class=\"btText\" ><\/p>\n<p style=\"text-align: center\"><em>Der Verein ist seit 2025 vom Steueramt des Kantons Luzern als gemeinn\u00fctzige Organisation anerkannt.\u00a0<\/em><\/p>\n<p>\u00a0<\/p>\n<p>\n<\/div><div class=\"btClear btSeparator topSmallSpaced bottomSemiSpaced noBorder\" ><hr><\/div><\/div><\/div><\/div><\/div><\/div><\/div><\/div><\/section>","protected":false},"excerpt":{"rendered":"<p>Ihre Spende kommt direkt und garantiert unseren wegweisenden Bildungsprojekten weltweit zu Gute und wird vielen Kindern und Jugendlichen eine Perspektive f\u00fcr ein selbstbestimmtes Leben geben.<\/p>","protected":false},"author":5,"featured_media":4079,"parent":0,"menu_order":0,"comment_status":"closed","ping_status":"closed","template":"","meta":{"footnotes":""},"class_list":["post-2395","page","type-page","status-publish","has-post-thumbnail","hentry"],"_links":{"self":[{"href":"https:\/\/t-w-b.org\/en\/wp-json\/wp\/v2\/pages\/2395","targetHints":{"allow":["GET"]}}],"collection":[{"href":"https:\/\/t-w-b.org\/en\/wp-json\/wp\/v2\/pages"}],"about":[{"href":"https:\/\/t-w-b.org\/en\/wp-json\/wp\/v2\/types\/page"}],"author":[{"embeddable":true,"href":"https:\/\/t-w-b.org\/en\/wp-json\/wp\/v2\/users\/5"}],"replies":[{"embeddable":true,"href":"https:\/\/t-w-b.org\/en\/wp-json\/wp\/v2\/comments?post=2395"}],"version-history":[{"count":49,"href":"https:\/\/t-w-b.org\/en\/wp-json\/wp\/v2\/pages\/2395\/revisions"}],"predecessor-version":[{"id":4995,"href":"https:\/\/t-w-b.org\/en\/wp-json\/wp\/v2\/pages\/2395\/revisions\/4995"}],"wp:featuredmedia":[{"embeddable":true,"href":"https:\/\/t-w-b.org\/en\/wp-json\/wp\/v2\/media\/4079"}],"wp:attachment":[{"href":"https:\/\/t-w-b.org\/en\/wp-json\/wp\/v2\/media?parent=2395"}],"curies":[{"name":"wp","href":"https:\/\/api.w.org\/{rel}","templated":true}]}}